{"id":9,"date":"2019-03-13T20:59:53","date_gmt":"2019-03-13T23:59:53","guid":{"rendered":"http:\/\/www.aluguecopos.com.br\/?page_id=9"},"modified":"2024-08-21T13:06:10","modified_gmt":"2024-08-21T16:06:10","slug":"sobre","status":"publish","type":"page","link":"https:\/\/www.aluguecopos.com.br\/?page_id=9","title":{"rendered":"Sobre"},"content":{"rendered":"\t\t<div data-elementor-type=\"wp-post\" data-elementor-id=\"9\" class=\"elementor elementor-9\">\n\t\t\t\t\t\t<section class=\"elementor-section elementor-top-section elementor-element elementor-element-7606d69 elementor-section-height-full elementor-section-boxed elementor-section-height-default elementor-section-items-middle\" data-id=\"7606d69\" data-element_type=\"section\" data-e-type=\"section\" data-settings=\"{&quot;background_background&quot;:&quot;classic&quot;}\">\n\t\t\t\t\t\t\t<div class=\"elementor-background-overlay\"><\/div>\n\t\t\t\t\t\t\t<div class=\"elementor-container elementor-column-gap-default\">\n\t\t\t\t\t<div class=\"elementor-column elementor-col-100 elementor-top-column elementor-element elementor-element-fe60784\" data-id=\"fe60784\" data-element_type=\"column\" data-e-type=\"column\">\n\t\t\t<div class=\"elementor-widget-wrap elementor-element-populated\">\n\t\t\t\t\t\t<div class=\"elementor-element elementor-element-e4bac31 elementor-invisible elementor-widget elementor-widget-heading\" data-id=\"e4bac31\" data-element_type=\"widget\" data-e-type=\"widget\" data-settings=\"{&quot;_animation&quot;:&quot;slideInLeft&quot;}\" data-widget_type=\"heading.default\">\n\t\t\t\t<div class=\"elementor-widget-container\">\n\t\t\t\t\t<h2 class=\"elementor-heading-title elementor-size-default\">Aluguecopos<\/h2>\t\t\t\t<\/div>\n\t\t\t\t<\/div>\n\t\t\t\t\t<\/div>\n\t\t<\/div>\n\t\t\t\t\t<\/div>\n\t\t<\/section>\n\t\t\t\t<section class=\"elementor-section elementor-top-section elementor-element elementor-element-4eed9a0 elementor-section-boxed elementor-section-height-default elementor-section-height-default\" data-id=\"4eed9a0\" data-element_type=\"section\" data-e-type=\"section\">\n\t\t\t\t\t\t<div class=\"elementor-container elementor-column-gap-default\">\n\t\t\t\t\t<div class=\"elementor-column elementor-col-100 elementor-top-column elementor-element elementor-element-827bc52\" data-id=\"827bc52\" data-element_type=\"column\" data-e-type=\"column\">\n\t\t\t<div class=\"elementor-widget-wrap elementor-element-populated\">\n\t\t\t\t\t\t<div class=\"elementor-element elementor-element-de3e082 elementor-widget-divider--view-line_text elementor-widget-divider--element-align-center elementor-widget elementor-widget-divider\" data-id=\"de3e082\" data-element_type=\"widget\" data-e-type=\"widget\" data-widget_type=\"divider.default\">\n\t\t\t\t<div class=\"elementor-widget-container\">\n\t\t\t\t\t\t\t<div class=\"elementor-divider\">\n\t\t\t<span class=\"elementor-divider-separator\">\n\t\t\t\t\t\t\t<span class=\"elementor-divider__text elementor-divider__element\">\n\t\t\t\tAluguecopos\t\t\t\t<\/span>\n\t\t\t\t\t\t<\/span>\n\t\t<\/div>\n\t\t\t\t\t\t<\/div>\n\t\t\t\t<\/div>\n\t\t\t\t\t<\/div>\n\t\t<\/div>\n\t\t\t\t\t<\/div>\n\t\t<\/section>\n\t\t\t\t<section class=\"elementor-section elementor-top-section elementor-element elementor-element-f845c3a elementor-section-boxed elementor-section-height-default elementor-section-height-default\" data-id=\"f845c3a\" data-element_type=\"section\" data-e-type=\"section\">\n\t\t\t\t\t\t\t<div class=\"elementor-background-overlay\"><\/div>\n\t\t\t\t\t\t\t<div class=\"elementor-container elementor-column-gap-default\">\n\t\t\t\t\t<div class=\"elementor-column elementor-col-50 elementor-top-column elementor-element elementor-element-67893f3\" data-id=\"67893f3\" data-element_type=\"column\" data-e-type=\"column\">\n\t\t\t<div class=\"elementor-widget-wrap elementor-element-populated\">\n\t\t\t\t\t\t<div class=\"elementor-element elementor-element-599448a elementor-widget elementor-widget-text-editor\" data-id=\"599448a\" data-element_type=\"widget\" data-e-type=\"widget\" data-widget_type=\"text-editor.default\">\n\t\t\t\t<div class=\"elementor-widget-container\">\n\t\t\t\t\t\t\t\t\t<p>Aluguecopos est\u00e1 h\u00e1 mais de dez anos mo mercado realizando festas lindas e satisfazendo seus clientes!<\/p>\t\t\t\t\t\t\t\t<\/div>\n\t\t\t\t<\/div>\n\t\t\t\t\t<\/div>\n\t\t<\/div>\n\t\t\t\t<div class=\"elementor-column elementor-col-50 elementor-top-column elementor-element elementor-element-ef8f0a4\" data-id=\"ef8f0a4\" data-element_type=\"column\" data-e-type=\"column\">\n\t\t\t<div class=\"elementor-widget-wrap elementor-element-populated\">\n\t\t\t\t\t\t<div class=\"elementor-element elementor-element-9974343 elementor-widget__width-initial elementor-widget elementor-widget-image\" data-id=\"9974343\" data-element_type=\"widget\" data-e-type=\"widget\" data-widget_type=\"image.default\">\n\t\t\t\t<div class=\"elementor-widget-container\">\n\t\t\t\t\t\t\t\t\t\t\t\t\t\t\t<img fetchpriority=\"high\" decoding=\"async\" width=\"828\" height=\"603\" src=\"https:\/\/www.aluguecopos.com.br\/wp-content\/uploads\/2024\/06\/WhatsApp-Image-2024-06-05-at-16.06.26-1.jpeg\" class=\"attachment-1536x1536 size-1536x1536 wp-image-1829\" alt=\"\" srcset=\"https:\/\/www.aluguecopos.com.br\/wp-content\/uploads\/2024\/06\/WhatsApp-Image-2024-06-05-at-16.06.26-1.jpeg 828w, https:\/\/www.aluguecopos.com.br\/wp-content\/uploads\/2024\/06\/WhatsApp-Image-2024-06-05-at-16.06.26-1-300x218.jpeg 300w, https:\/\/www.aluguecopos.com.br\/wp-content\/uploads\/2024\/06\/WhatsApp-Image-2024-06-05-at-16.06.26-1-768x559.jpeg 768w, https:\/\/www.aluguecopos.com.br\/wp-content\/uploads\/2024\/06\/WhatsApp-Image-2024-06-05-at-16.06.26-1-520x379.jpeg 520w, https:\/\/www.aluguecopos.com.br\/wp-content\/uploads\/2024\/06\/WhatsApp-Image-2024-06-05-at-16.06.26-1-740x539.jpeg 740w\" sizes=\"(max-width: 828px) 100vw, 828px\" \/>\t\t\t\t\t\t\t\t\t\t\t\t\t\t\t<\/div>\n\t\t\t\t<\/div>\n\t\t\t\t\t<\/div>\n\t\t<\/div>\n\t\t\t\t\t<\/div>\n\t\t<\/section>\n\t\t\t\t<section class=\"elementor-section elementor-top-section elementor-element elementor-element-a042681 elementor-section-boxed elementor-section-height-default elementor-section-height-default\" data-id=\"a042681\" data-element_type=\"section\" data-e-type=\"section\">\n\t\t\t\t\t\t<div class=\"elementor-container elementor-column-gap-default\">\n\t\t\t\t\t<div class=\"elementor-column elementor-col-100 elementor-top-column elementor-element elementor-element-5a0987b\" data-id=\"5a0987b\" data-element_type=\"column\" data-e-type=\"column\">\n\t\t\t<div class=\"elementor-widget-wrap elementor-element-populated\">\n\t\t\t\t\t\t<div class=\"elementor-element elementor-element-e77246d elementor-widget-divider--view-line_text elementor-widget-divider--element-align-center elementor-widget elementor-widget-divider\" data-id=\"e77246d\" data-element_type=\"widget\" data-e-type=\"widget\" data-widget_type=\"divider.default\">\n\t\t\t\t<div class=\"elementor-widget-container\">\n\t\t\t\t\t\t\t<div class=\"elementor-divider\">\n\t\t\t<span class=\"elementor-divider-separator\">\n\t\t\t\t\t\t\t<span class=\"elementor-divider__text elementor-divider__element\">\n\t\t\t\tAluguecopos\t\t\t\t<\/span>\n\t\t\t\t\t\t<\/span>\n\t\t<\/div>\n\t\t\t\t\t\t<\/div>\n\t\t\t\t<\/div>\n\t\t\t\t\t<\/div>\n\t\t<\/div>\n\t\t\t\t\t<\/div>\n\t\t<\/section>\n\t\t\t\t<section class=\"elementor-section elementor-top-section elementor-element elementor-element-1c33f97 elementor-section-boxed elementor-section-height-default elementor-section-height-default\" data-id=\"1c33f97\" data-element_type=\"section\" data-e-type=\"section\">\n\t\t\t\t\t\t\t<div class=\"elementor-background-overlay\"><\/div>\n\t\t\t\t\t\t\t<div class=\"elementor-container elementor-column-gap-default\">\n\t\t\t\t\t<div class=\"elementor-column elementor-col-100 elementor-top-column elementor-element elementor-element-4d2e11f\" data-id=\"4d2e11f\" data-element_type=\"column\" data-e-type=\"column\">\n\t\t\t<div class=\"elementor-widget-wrap elementor-element-populated\">\n\t\t\t\t\t\t<div class=\"elementor-element elementor-element-e371cb6 elementor-widget elementor-widget-text-editor\" data-id=\"e371cb6\" data-element_type=\"widget\" data-e-type=\"widget\" data-widget_type=\"text-editor.default\">\n\t\t\t\t<div class=\"elementor-widget-container\">\n\t\t\t\t\t\t\t\t\t<p>Procuramos trabalhar com carinho para que sua festa seja perfeita. Nossos pre\u00e7os s\u00e3o \u00f3timos e nossos produtos com qualidade.<\/p>\t\t\t\t\t\t\t\t<\/div>\n\t\t\t\t<\/div>\n\t\t\t\t\t<\/div>\n\t\t<\/div>\n\t\t\t\t\t<\/div>\n\t\t<\/section>\n\t\t\t\t<section class=\"elementor-section elementor-top-section elementor-element elementor-element-016db17 elementor-section-boxed elementor-section-height-default elementor-section-height-default\" data-id=\"016db17\" data-element_type=\"section\" data-e-type=\"section\">\n\t\t\t\t\t\t\t<div class=\"elementor-background-overlay\"><\/div>\n\t\t\t\t\t\t\t<div class=\"elementor-container elementor-column-gap-default\">\n\t\t\t\t\t<div class=\"elementor-column elementor-col-50 elementor-top-column elementor-element elementor-element-5b5ea90\" data-id=\"5b5ea90\" data-element_type=\"column\" data-e-type=\"column\">\n\t\t\t<div class=\"elementor-widget-wrap elementor-element-populated\">\n\t\t\t\t\t\t<div class=\"elementor-element elementor-element-05718c0 elementor-widget elementor-widget-image\" data-id=\"05718c0\" data-element_type=\"widget\" data-e-type=\"widget\" data-widget_type=\"image.default\">\n\t\t\t\t<div class=\"elementor-widget-container\">\n\t\t\t\t\t\t\t\t\t\t\t\t\t\t\t<img decoding=\"async\" width=\"768\" height=\"1024\" src=\"https:\/\/www.aluguecopos.com.br\/wp-content\/uploads\/2024\/07\/WhatsApp-Image-2024-07-02-at-15.02.07-768x1024.jpeg\" class=\"attachment-large size-large wp-image-2657\" alt=\"\" srcset=\"https:\/\/www.aluguecopos.com.br\/wp-content\/uploads\/2024\/07\/WhatsApp-Image-2024-07-02-at-15.02.07-768x1024.jpeg 768w, https:\/\/www.aluguecopos.com.br\/wp-content\/uploads\/2024\/07\/WhatsApp-Image-2024-07-02-at-15.02.07-225x300.jpeg 225w, https:\/\/www.aluguecopos.com.br\/wp-content\/uploads\/2024\/07\/WhatsApp-Image-2024-07-02-at-15.02.07-520x693.jpeg 520w, https:\/\/www.aluguecopos.com.br\/wp-content\/uploads\/2024\/07\/WhatsApp-Image-2024-07-02-at-15.02.07-740x987.jpeg 740w, https:\/\/www.aluguecopos.com.br\/wp-content\/uploads\/2024\/07\/WhatsApp-Image-2024-07-02-at-15.02.07.jpeg 960w\" sizes=\"(max-width: 768px) 100vw, 768px\" \/>\t\t\t\t\t\t\t\t\t\t\t\t\t\t\t<\/div>\n\t\t\t\t<\/div>\n\t\t\t\t\t<\/div>\n\t\t<\/div>\n\t\t\t\t<div class=\"elementor-column elementor-col-50 elementor-top-column elementor-element elementor-element-1f3e778\" data-id=\"1f3e778\" data-element_type=\"column\" data-e-type=\"column\">\n\t\t\t<div class=\"elementor-widget-wrap elementor-element-populated\">\n\t\t\t\t\t\t<div class=\"elementor-element elementor-element-c34f20b elementor-widget__width-initial elementor-widget elementor-widget-image\" data-id=\"c34f20b\" data-element_type=\"widget\" data-e-type=\"widget\" data-widget_type=\"image.default\">\n\t\t\t\t<div class=\"elementor-widget-container\">\n\t\t\t\t\t\t\t\t\t\t\t\t\t\t\t<img decoding=\"async\" width=\"828\" height=\"591\" src=\"https:\/\/www.aluguecopos.com.br\/wp-content\/uploads\/2024\/06\/WhatsApp-Image-2024-06-05-at-16.06.26-2.jpeg\" class=\"attachment-1536x1536 size-1536x1536 wp-image-1830\" alt=\"\" srcset=\"https:\/\/www.aluguecopos.com.br\/wp-content\/uploads\/2024\/06\/WhatsApp-Image-2024-06-05-at-16.06.26-2.jpeg 828w, https:\/\/www.aluguecopos.com.br\/wp-content\/uploads\/2024\/06\/WhatsApp-Image-2024-06-05-at-16.06.26-2-300x214.jpeg 300w, https:\/\/www.aluguecopos.com.br\/wp-content\/uploads\/2024\/06\/WhatsApp-Image-2024-06-05-at-16.06.26-2-768x548.jpeg 768w, https:\/\/www.aluguecopos.com.br\/wp-content\/uploads\/2024\/06\/WhatsApp-Image-2024-06-05-at-16.06.26-2-520x371.jpeg 520w, https:\/\/www.aluguecopos.com.br\/wp-content\/uploads\/2024\/06\/WhatsApp-Image-2024-06-05-at-16.06.26-2-740x528.jpeg 740w\" sizes=\"(max-width: 828px) 100vw, 828px\" \/>\t\t\t\t\t\t\t\t\t\t\t\t\t\t\t<\/div>\n\t\t\t\t<\/div>\n\t\t\t\t<div class=\"elementor-element elementor-element-ea239e0 elementor-widget elementor-widget-image\" data-id=\"ea239e0\" data-element_type=\"widget\" data-e-type=\"widget\" data-widget_type=\"image.default\">\n\t\t\t\t<div class=\"elementor-widget-container\">\n\t\t\t\t\t\t\t\t\t\t\t\t\t\t\t<img loading=\"lazy\" decoding=\"async\" width=\"828\" height=\"828\" src=\"https:\/\/www.aluguecopos.com.br\/wp-content\/uploads\/2024\/07\/WhatsApp-Image-2024-07-02-at-15.10.37.jpeg\" class=\"attachment-large size-large wp-image-2656\" alt=\"\" srcset=\"https:\/\/www.aluguecopos.com.br\/wp-content\/uploads\/2024\/07\/WhatsApp-Image-2024-07-02-at-15.10.37.jpeg 828w, https:\/\/www.aluguecopos.com.br\/wp-content\/uploads\/2024\/07\/WhatsApp-Image-2024-07-02-at-15.10.37-300x300.jpeg 300w, https:\/\/www.aluguecopos.com.br\/wp-content\/uploads\/2024\/07\/WhatsApp-Image-2024-07-02-at-15.10.37-150x150.jpeg 150w, https:\/\/www.aluguecopos.com.br\/wp-content\/uploads\/2024\/07\/WhatsApp-Image-2024-07-02-at-15.10.37-768x768.jpeg 768w, https:\/\/www.aluguecopos.com.br\/wp-content\/uploads\/2024\/07\/WhatsApp-Image-2024-07-02-at-15.10.37-520x520.jpeg 520w, https:\/\/www.aluguecopos.com.br\/wp-content\/uploads\/2024\/07\/WhatsApp-Image-2024-07-02-at-15.10.37-740x740.jpeg 740w\" sizes=\"(max-width: 828px) 100vw, 828px\" \/>\t\t\t\t\t\t\t\t\t\t\t\t\t\t\t<\/div>\n\t\t\t\t<\/div>\n\t\t\t\t\t<\/div>\n\t\t<\/div>\n\t\t\t\t\t<\/div>\n\t\t<\/section>\n\t\t\t\t<section class=\"elementor-section elementor-top-section elementor-element elementor-element-fd31001 elementor-section-boxed elementor-section-height-default elementor-section-height-default\" data-id=\"fd31001\" data-element_type=\"section\" data-e-type=\"section\">\n\t\t\t\t\t\t<div class=\"elementor-container elementor-column-gap-default\">\n\t\t\t\t\t<div class=\"elementor-column elementor-col-100 elementor-top-column elementor-element elementor-element-d2462e6\" data-id=\"d2462e6\" data-element_type=\"column\" data-e-type=\"column\">\n\t\t\t<div class=\"elementor-widget-wrap elementor-element-populated\">\n\t\t\t\t\t\t<div class=\"elementor-element elementor-element-283e7e0 elementor-widget-divider--view-line_text elementor-widget-divider--element-align-center elementor-widget elementor-widget-divider\" data-id=\"283e7e0\" data-element_type=\"widget\" data-e-type=\"widget\" data-widget_type=\"divider.default\">\n\t\t\t\t<div class=\"elementor-widget-container\">\n\t\t\t\t\t\t\t<div class=\"elementor-divider\">\n\t\t\t<span class=\"elementor-divider-separator\">\n\t\t\t\t\t\t\t<span class=\"elementor-divider__text elementor-divider__element\">\n\t\t\t\tAluguecopos\t\t\t\t<\/span>\n\t\t\t\t\t\t<\/span>\n\t\t<\/div>\n\t\t\t\t\t\t<\/div>\n\t\t\t\t<\/div>\n\t\t\t\t\t<\/div>\n\t\t<\/div>\n\t\t\t\t\t<\/div>\n\t\t<\/section>\n\t\t\t\t<section class=\"elementor-section elementor-top-section elementor-element elementor-element-a458325 elementor-section-boxed elementor-section-height-default elementor-section-height-default\" data-id=\"a458325\" data-element_type=\"section\" data-e-type=\"section\">\n\t\t\t\t\t\t\t<div class=\"elementor-background-overlay\"><\/div>\n\t\t\t\t\t\t\t<div class=\"elementor-container elementor-column-gap-default\">\n\t\t\t\t\t<div class=\"elementor-column elementor-col-100 elementor-top-column elementor-element elementor-element-d609c8f\" data-id=\"d609c8f\" data-element_type=\"column\" data-e-type=\"column\">\n\t\t\t<div class=\"elementor-widget-wrap elementor-element-populated\">\n\t\t\t\t\t\t<div class=\"elementor-element elementor-element-6bb7c03 elementor-widget elementor-widget-text-editor\" data-id=\"6bb7c03\" data-element_type=\"widget\" data-e-type=\"widget\" data-widget_type=\"text-editor.default\">\n\t\t\t\t<div class=\"elementor-widget-container\">\n\t\t\t\t\t\t\t\t\t<p>Contamos com \u00f3timos profissionais e temos excelentes parceiros como: Churrasqueiros, maitres, cozinheiros, gar\u00e7ons entre outros!\u00a0<\/p>\t\t\t\t\t\t\t\t<\/div>\n\t\t\t\t<\/div>\n\t\t\t\t\t<\/div>\n\t\t<\/div>\n\t\t\t\t\t<\/div>\n\t\t<\/section>\n\t\t\t\t<section class=\"elementor-section elementor-top-section elementor-element elementor-element-c9a27c1 elementor-section-boxed elementor-section-height-default elementor-section-height-default\" data-id=\"c9a27c1\" data-element_type=\"section\" data-e-type=\"section\">\n\t\t\t\t\t\t<div class=\"elementor-container elementor-column-gap-default\">\n\t\t\t\t\t<div class=\"elementor-column elementor-col-100 elementor-top-column elementor-element elementor-element-7c3b854\" data-id=\"7c3b854\" data-element_type=\"column\" data-e-type=\"column\">\n\t\t\t<div class=\"elementor-widget-wrap elementor-element-populated\">\n\t\t\t\t\t\t<div class=\"elementor-element elementor-element-8d54a37 elementor-widget elementor-widget-image\" data-id=\"8d54a37\" data-element_type=\"widget\" data-e-type=\"widget\" data-widget_type=\"image.default\">\n\t\t\t\t<div class=\"elementor-widget-container\">\n\t\t\t\t\t\t\t\t\t\t\t\t\t\t\t<img loading=\"lazy\" decoding=\"async\" width=\"768\" height=\"1024\" src=\"https:\/\/www.aluguecopos.com.br\/wp-content\/uploads\/2024\/06\/WhatsApp-Image-2024-05-21-at-15.17.58-768x1024.jpeg\" class=\"attachment-large size-large wp-image-2010\" alt=\"\" srcset=\"https:\/\/www.aluguecopos.com.br\/wp-content\/uploads\/2024\/06\/WhatsApp-Image-2024-05-21-at-15.17.58-768x1024.jpeg 768w, https:\/\/www.aluguecopos.com.br\/wp-content\/uploads\/2024\/06\/WhatsApp-Image-2024-05-21-at-15.17.58-225x300.jpeg 225w, https:\/\/www.aluguecopos.com.br\/wp-content\/uploads\/2024\/06\/WhatsApp-Image-2024-05-21-at-15.17.58-1152x1536.jpeg 1152w, https:\/\/www.aluguecopos.com.br\/wp-content\/uploads\/2024\/06\/WhatsApp-Image-2024-05-21-at-15.17.58-520x693.jpeg 520w, https:\/\/www.aluguecopos.com.br\/wp-content\/uploads\/2024\/06\/WhatsApp-Image-2024-05-21-at-15.17.58-740x987.jpeg 740w, https:\/\/www.aluguecopos.com.br\/wp-content\/uploads\/2024\/06\/WhatsApp-Image-2024-05-21-at-15.17.58.jpeg 1200w\" sizes=\"(max-width: 768px) 100vw, 768px\" \/>\t\t\t\t\t\t\t\t\t\t\t\t\t\t\t<\/div>\n\t\t\t\t<\/div>\n\t\t\t\t\t<\/div>\n\t\t<\/div>\n\t\t\t\t\t<\/div>\n\t\t<\/section>\n\t\t\t\t<section class=\"elementor-section elementor-top-section elementor-element elementor-element-66e2434 elementor-section-boxed elementor-section-height-default elementor-section-height-default\" data-id=\"66e2434\" data-element_type=\"section\" data-e-type=\"section\">\n\t\t\t\t\t\t\t<div class=\"elementor-background-overlay\"><\/div>\n\t\t\t\t\t\t\t<div class=\"elementor-container elementor-column-gap-default\">\n\t\t\t\t\t<div class=\"elementor-column elementor-col-100 elementor-top-column elementor-element elementor-element-a651425\" data-id=\"a651425\" data-element_type=\"column\" data-e-type=\"column\">\n\t\t\t<div class=\"elementor-widget-wrap elementor-element-populated\">\n\t\t\t\t\t\t<div class=\"elementor-element elementor-element-48b6b51 elementor-widget elementor-widget-text-editor\" data-id=\"48b6b51\" data-element_type=\"widget\" data-e-type=\"widget\" data-widget_type=\"text-editor.default\">\n\t\t\t\t<div class=\"elementor-widget-container\">\n\t\t\t\t\t\t\t\t\t<p>Tudo o que voc\u00ea precisa em um \u00fanico lugar .N\u00e3o perca essa oportunidade!\u00a0\u00a0<\/p>\t\t\t\t\t\t\t\t<\/div>\n\t\t\t\t<\/div>\n\t\t\t\t\t<\/div>\n\t\t<\/div>\n\t\t\t\t\t<\/div>\n\t\t<\/section>\n\t\t\t\t<section class=\"elementor-section elementor-top-section elementor-element elementor-element-2f1ca8e elementor-section-boxed elementor-section-height-default elementor-section-height-default\" data-id=\"2f1ca8e\" data-element_type=\"section\" data-e-type=\"section\" data-settings=\"{&quot;background_background&quot;:&quot;classic&quot;}\">\n\t\t\t\t\t\t<div class=\"elementor-container elementor-column-gap-default\">\n\t\t\t\t\t<div class=\"elementor-column elementor-col-100 elementor-top-column elementor-element elementor-element-d37d0d1\" data-id=\"d37d0d1\" data-element_type=\"column\" data-e-type=\"column\">\n\t\t\t<div class=\"elementor-widget-wrap elementor-element-populated\">\n\t\t\t\t\t\t<div class=\"elementor-element elementor-element-3e5bc58 elementor-widget elementor-widget-heading\" data-id=\"3e5bc58\" data-element_type=\"widget\" data-e-type=\"widget\" data-widget_type=\"heading.default\">\n\t\t\t\t<div class=\"elementor-widget-container\">\n\t\t\t\t\t<h3 class=\"elementor-heading-title elementor-size-large\">Aqui seu evento se transforma!<\/h3>\t\t\t\t<\/div>\n\t\t\t\t<\/div>\n\t\t\t\t<div class=\"elementor-element elementor-element-e83fd80 elementor-widget elementor-widget-text-editor\" data-id=\"e83fd80\" data-element_type=\"widget\" data-e-type=\"widget\" data-widget_type=\"text-editor.default\">\n\t\t\t\t<div class=\"elementor-widget-container\">\n\t\t\t\t\t\t\t\t\t<p>Tudo que voc\u00ea precisa para sua festa ser maravilhosa e receber elogios sobre a organiza\u00e7\u00e3o e beleza na decora\u00e7\u00e3o. N\u00e3o perca tempo, fique por dentro dos nossos servi\u00e7os, ligue e fa\u00e7a um or\u00e7amento.<\/p>\t\t\t\t\t\t\t\t<\/div>\n\t\t\t\t<\/div>\n\t\t\t\t\t<\/div>\n\t\t<\/div>\n\t\t\t\t\t<\/div>\n\t\t<\/section>\n\t\t\t\t<section class=\"elementor-section elementor-top-section elementor-element elementor-element-4098fb1 elementor-section-boxed elementor-section-height-default elementor-section-height-default\" data-id=\"4098fb1\" data-element_type=\"section\" data-e-type=\"section\">\n\t\t\t\t\t\t<div class=\"elementor-container elementor-column-gap-default\">\n\t\t\t\t\t<div class=\"elementor-column elementor-col-100 elementor-top-column elementor-element elementor-element-5490303\" data-id=\"5490303\" data-element_type=\"column\" data-e-type=\"column\">\n\t\t\t<div class=\"elementor-widget-wrap elementor-element-populated\">\n\t\t\t\t\t\t<div class=\"elementor-element elementor-element-c7659b8 elementor-align-center elementor-widget elementor-widget-button\" data-id=\"c7659b8\" data-element_type=\"widget\" data-e-type=\"widget\" data-widget_type=\"button.default\">\n\t\t\t\t<div class=\"elementor-widget-container\">\n\t\t\t\t\t\t\t\t\t<div class=\"elementor-button-wrapper\">\n\t\t\t\t\t<a class=\"elementor-button elementor-button-link elementor-size-md\" href=\"https:\/\/www.aluguecopos.com.br\/?page_id=682\">\n\t\t\t\t\t\t<span class=\"elementor-button-content-wrapper\">\n\t\t\t\t\t\t\t\t\t<span class=\"elementor-button-text\">Confira nossos produtos!<\/span>\n\t\t\t\t\t<\/span>\n\t\t\t\t\t<\/a>\n\t\t\t\t<\/div>\n\t\t\t\t\t\t\t\t<\/div>\n\t\t\t\t<\/div>\n\t\t\t\t\t<\/div>\n\t\t<\/div>\n\t\t\t\t\t<\/div>\n\t\t<\/section>\n\t\t\t\t<section class=\"elementor-section elementor-top-section elementor-element elementor-element-5ec2ed6 elementor-section-boxed elementor-section-height-default elementor-section-height-default\" data-id=\"5ec2ed6\" data-element_type=\"section\" data-e-type=\"section\">\n\t\t\t\t\t\t<div class=\"elementor-container elementor-column-gap-default\">\n\t\t\t\t\t<div class=\"elementor-column elementor-col-100 elementor-top-column elementor-element elementor-element-8d21065\" data-id=\"8d21065\" data-element_type=\"column\" data-e-type=\"column\">\n\t\t\t<div class=\"elementor-widget-wrap elementor-element-populated\">\n\t\t\t\t\t\t<div class=\"elementor-element elementor-element-14dca83 elementor-widget elementor-widget-spacer\" data-id=\"14dca83\" data-element_type=\"widget\" data-e-type=\"widget\" data-widget_type=\"spacer.default\">\n\t\t\t\t<div class=\"elementor-widget-container\">\n\t\t\t\t\t\t\t<div class=\"elementor-spacer\">\n\t\t\t<div class=\"elementor-spacer-inner\"><\/div>\n\t\t<\/div>\n\t\t\t\t\t\t<\/div>\n\t\t\t\t<\/div>\n\t\t\t\t\t<\/div>\n\t\t<\/div>\n\t\t\t\t\t<\/div>\n\t\t<\/section>\n\t\t\t\t<\/div>\n\t\t","protected":false},"excerpt":{"rendered":"<p>Aluguecopos Aluguecopos Aluguecopos est\u00e1 h\u00e1 mais de dez anos mo mercado realizando festas lindas e satisfazendo seus clientes! Aluguecopos Procuramos trabalhar com carinho para que sua festa seja perfeita. Nossos pre\u00e7os s\u00e3o \u00f3timos e nossos<a class=\"read-more\" href=\"https:\/\/www.aluguecopos.com.br\/?page_id=9\">Continue reading<\/a><\/p>\n","protected":false},"author":1,"featured_media":0,"parent":0,"menu_order":0,"comment_status":"closed","ping_status":"closed","template":"elementor_canvas","meta":{"footnotes":""},"class_list":["post-9","page","type-page","status-publish","hentry"],"_links":{"self":[{"href":"https:\/\/www.aluguecopos.com.br\/index.php?rest_route=\/wp\/v2\/pages\/9","targetHints":{"allow":["GET"]}}],"collection":[{"href":"https:\/\/www.aluguecopos.com.br\/index.php?rest_route=\/wp\/v2\/pages"}],"about":[{"href":"https:\/\/www.aluguecopos.com.br\/index.php?rest_route=\/wp\/v2\/types\/page"}],"author":[{"embeddable":true,"href":"https:\/\/www.aluguecopos.com.br\/index.php?rest_route=\/wp\/v2\/users\/1"}],"replies":[{"embeddable":true,"href":"https:\/\/www.aluguecopos.com.br\/index.php?rest_route=%2Fwp%2Fv2%2Fcomments&post=9"}],"version-history":[{"count":274,"href":"https:\/\/www.aluguecopos.com.br\/index.php?rest_route=\/wp\/v2\/pages\/9\/revisions"}],"predecessor-version":[{"id":2713,"href":"https:\/\/www.aluguecopos.com.br\/index.php?rest_route=\/wp\/v2\/pages\/9\/revisions\/2713"}],"wp:attachment":[{"href":"https:\/\/www.aluguecopos.com.br\/index.php?rest_route=%2Fwp%2Fv2%2Fmedia&parent=9"}],"curies":[{"name":"wp","href":"https:\/\/api.w.org\/{rel}","templated":true}]}}